{"id":203,"date":"2025-03-03T15:01:56","date_gmt":"2025-03-03T12:01:56","guid":{"rendered":"http:\/\/atlas.ru.swtest.ru\/?page_id=203"},"modified":"2025-03-14T03:14:06","modified_gmt":"2025-03-14T00:14:06","slug":"terms-and-conditions","status":"publish","type":"page","link":"https:\/\/www.atlas-zdravi.cz\/en\/terms-and-conditions\/","title":{"rendered":"Terms and conditions"},"content":{"rendered":"<h1 class=\"title\">Terms and conditions<\/h1>\n<div class=\"content text\">V\u0160EOBECN\u00c9 OBCHODN\u00cd PODM\u00cdNKY<br \/>\nV\u0161eobecn\u00e9 obchodn\u00ed podm\u00ednky mas\u00e1\u017en\u00edho studia Atlas Zdrav\u00ed<br \/>\nJulii Barkchatovou \u2013 I\u010cO: 09413758<\/p>\n<p>1. Z\u00e1kladn\u00ed ustanoven\u00ed<br \/>\n1.1. Tyto v\u0161eobecn\u00e9 smluvn\u00ed podm\u00ednky upravuj\u00ed pr\u00e1vn\u00ed z\u00e1vazkov\u00e9 vztahy mezi poskytovatelem mas\u00e1\u017en\u00edch slu\u017eeb ve studiu<br \/>\n(d\u00e1le jen provozovatel) I\u010cO 09413758, v, se s\u00eddlem Praha 3 &#8211; \u017di\u017ekov, Hartigova 31\/27, PS\u010c: 130 00, a kupuj\u00edc\u00edm<br \/>\nposkytovan\u00fdch slu\u017eeb (d\u00e1le jen kupuj\u00edc\u00ed), n\u00e1v\u0161t\u011bvn\u00edkem studia (d\u00e1le jen n\u00e1v\u0161t\u011bvn\u00edk) a u\u017eivatelem poskytovan\u00fdch slu\u017eeb<br \/>\n(d\u00e1le jen z\u00e1kazn\u00edk).<br \/>\n1.2. Provozovatel poskytuje mas\u00e1\u017en\u00ed slu\u017eby na z\u00e1klad\u011b platn\u00e9ho \u017eivnostensk\u00e9ho opr\u00e1vn\u011bn\u00ed a doklad\u016f osv\u011bd\u010duj\u00edc\u00edch odbornou<br \/>\nzp\u016fsobilost k vykon\u00e1van\u00fdm \u010dinnostem.<br \/>\n1.3 N\u00e1kupem d\u00e1rkov\u00e9ho poukazu, nebo telefonick\u00fdm objedn\u00e1n\u00edm konkr\u00e9tn\u00edho term\u00ednu mas\u00e1\u017ee projevuje kupuj\u00edc\u00ed i z\u00e1kazn\u00edk<br \/>\nsv\u016fj souhlas s v\u0161eobecn\u00fdmi obchodn\u00edmi podm\u00ednkami provozovatele.<\/p>\n<p>2. Objedn\u00e1vka slu\u017eeb<br \/>\n2.1. Term\u00edn n\u00e1v\u0161t\u011bvy<br \/>\nTerm\u00edn n\u00e1v\u0161t\u011bvy je t\u0159eba dohodnout a rezervovat p\u0159edem telefonicky nebo online. Dohodnut\u00fd term\u00edn je z\u00e1vazn\u00e1 objedn\u00e1vka.<br \/>\nProvozovatel na dohodnut\u00fd term\u00edn n\u00e1v\u0161t\u011bvy z\u00e1kazn\u00edka rezervuje p\u0159\u00edslu\u0161n\u00fd \u010das mas\u00e9ra, kapacitu a p\u0159edepsanou temperaci<br \/>\nstudia.<br \/>\n2.2. P\u0159eobjedn\u00e1n\u00ed<br \/>\nPokud se z v\u00e1\u017en\u00fdch d\u016fvod\u016f nem\u016f\u017eete v dohodnut\u00e9m term\u00ednu na mas\u00e1\u017e dostavit, informujte o tom p\u0159edem telefonicky,<br \/>\nnejpozd\u011bji v\u0161ak 24 hodin p\u0159ed zah\u00e1jen\u00edm mas\u00e1\u017ee. Pozd\u011bj\u0161\u00ed p\u0159eobjedn\u00e1n\u00ed se pova\u017euje za absenci z\u00e1kazn\u00edka.<br \/>\n2.3. Pozdn\u00ed p\u0159\u00edchod Dostav\u00ed-li se z\u00e1kazn\u00edk max. 15 minut po dohodnut\u00e9m term\u00ednu, bude mas\u00e1\u017e provedena ve zkr\u00e1cen\u00e9m<br \/>\nrozsahu tak, \u017ee skon\u010d\u00ed v p\u016fvodn\u011b stanoven\u00e9m \u010dase. Pozd\u011bj\u0161\u00ed p\u0159\u00edchod na mas\u00e1\u017e se pova\u017euje za absenci z\u00e1kazn\u00edka.<br \/>\n2.4. Absence z\u00e1kazn\u00edka V p\u0159\u00edpad\u011b nep\u0159\u00edtomnosti nebo p\u0159\u00edchodu na mas\u00e1\u017e se zpo\u017ed\u011bn\u00edm del\u0161\u00edm ne\u017e 15 minut bude po<br \/>\nz\u00e1kazn\u00edkovi po\u017eadov\u00e1na \u00fahrada hodnoty rezervovan\u00e9 doby ve v\u00fd\u0161i objednan\u00e9 mas\u00e1\u017ee, p\u0159\u00edpadn\u011b bude rovnou ode\u010dtena z hodnoty<br \/>\ncertifik\u00e1tu, poukazu nebo bonusu zdarma.<br \/>\n2.5. Odm\u00edtnut\u00ed mas\u00e1\u017ee<br \/>\nMas\u00e1\u017e m\u016f\u017ee b\u00fdt odm\u00edtnuta v t\u011bchto p\u0159\u00edpadech:<br \/>\na) z\u00e1kazn\u00edk se dostav\u00ed na mas\u00e1\u017e se zjevn\u00fdmi p\u0159\u00edznaky infek\u010dn\u00edch onemocn\u011bn\u00ed<br \/>\nb) z\u00e1kazn\u00edk se dostav\u00ed na mas\u00e1\u017e v podnapil\u00e9m stavu, nebo pod vlivem n\u00e1vykov\u00fdch l\u00e1tek<br \/>\nc) z\u00e1kazn\u00edk se dostav\u00ed na mas\u00e1\u017e se zdravotn\u00edmi probl\u00e9my medic\u00ednsk\u00e9ho charakteru<br \/>\nd) z\u00e1kazn\u00edk se dostav\u00ed na mas\u00e1\u017e v nevyhovuj\u00edc\u00edm hygienick\u00e9m stavu<br \/>\ne) z\u00e1kazn\u00edk se b\u011bhem objedn\u00e1v\u00e1n\u00ed term\u00ednu mas\u00e1\u017ee vyjad\u0159uje nep\u0159\u00edstojn\u00fdm zp\u016fsobem.<\/p>\n<p>2.6. P\u0159ed\u010dasn\u00e9 ukon\u010den\u00ed mas\u00e1\u017ee<br \/>\nMas\u00e1\u017e m\u016f\u017ee b\u00fdt p\u0159ed\u010dasn\u011b ukon\u010dena, pokud se:<br \/>\na) b\u011bhem mas\u00e1\u017ee u z\u00e1kazn\u00edka objev\u00ed zjevn\u00e9 p\u0159\u00edznaky infek\u010dn\u00edch onemocn\u011bn\u00ed, nebo<br \/>\nb) b\u011bhem mas\u00e1\u017ee u z\u00e1kazn\u00edka objev\u00ed zjevn\u00e9 p\u0159\u00edznaky podnapilosti \u010di n\u00e1vykov\u00fdch l\u00e1tek,<br \/>\nnebo c) b\u011bhem mas\u00e1\u017ee u z\u00e1kazn\u00edka objev\u00ed zjevn\u00e9 p\u0159\u00edznaky zdravotn\u00edch probl\u00e9m\u016f, nebo<br \/>\nd) b\u011bhem mas\u00e1\u017ee bude z\u00e1kazn\u00edk p\u0159es opakovanou v\u00fdzvu chovat nep\u0159\u00edstojn\u00fdm zp\u016fsobem<br \/>\n2.7. Informovan\u00fd souhlas z\u00e1kazn\u00edka<br \/>\nZ\u00e1kazn\u00edk je p\u0159ed prvn\u00ed mas\u00e1\u017e\u00ed instruov\u00e1n o zdravotn\u00edch rizic\u00edch, indikac\u00edch a kontraindikac\u00edch.<br \/>\nPokud se rozhodne mas\u00e1\u017e podstoupit, d\u00e1v\u00e1 t\u00edm jasn\u011b a svobodn\u011b najevo sv\u016fj informovan\u00fd souhlas.<br \/>\n2.8. Cen\u00edk mas\u00e1\u017e\u00ed<br \/>\nCen\u00edk mas\u00e1\u017e\u00ed je k nahl\u00e9dnut\u00ed ve studiu, v m\u00edst\u011b prodeje d\u00e1rkov\u00fdch poukaz\u016f a na webov\u00fdch str\u00e1nk\u00e1ch provozovatele.<br \/>\n3. D\u00e1rkov\u00fd poukaz<br \/>\n3.1. Pou\u017eit\u00ed d\u00e1rkov\u00e9ho poukazu D\u00e1rkov\u00fd poukaz lze pou\u017e\u00edt na \u00fahradu z nab\u00eddky mas\u00e1\u017en\u00edho studia. U d\u00e1rkov\u00e9ho poukazu s<br \/>\nuvedenou nomin\u00e1ln\u00ed hodnotou lze p\u0159esn\u00fd druh a rozsah dohodnout p\u0159i sjedn\u00e1v\u00e1n\u00ed term\u00ednu n\u00e1v\u0161t\u011bvy, nebo p\u0159ed zah\u00e1jen\u00edm<br \/>\nmas\u00e1\u017ee. Popis jednotliv\u00fdch mas\u00e1\u017e\u00ed najdete na webov\u00fdch str\u00e1nk\u00e1ch studia. Platbu d\u00e1rkov\u00fdm poukazem je nutno nahl\u00e1sit p\u0159ed<br \/>\nza\u010d\u00e1tkem mas\u00e1\u017ee pro ov\u011b\u0159en\u00ed platnosti.<br \/>\n3.2. Hodnota d\u00e1rkov\u00e9ho poukazu<br \/>\nD\u00e1rkov\u00e9 poukazy jsou vyd\u00e1v\u00e1ny bu\u010f s uvedenou nomin\u00e1ln\u00ed hodnotou, nebo na konkr\u00e9tn\u00ed druh mas\u00e1\u017ee. Nevy\u010derpanou hodnotu<br \/>\nd\u00e1rkov\u00e9ho poukazu nelze sm\u011bnit zp\u011bt za hotovost.<br \/>\n3.3. Platnost d\u00e1rkov\u00e9ho poukazu<br \/>\nD\u00e1rkov\u00fd poukaz je platn\u00fd, pokud nebyla vy\u010derp\u00e1na jeho hodnota, nebo neuplynula lh\u016fta jeho pou\u017eitelnosti. Certifik\u00e1t lze<br \/>\npou\u017e\u00edt i pro \u010d\u00e1ste\u010dnou \u00fahradu s hotovostn\u00edm doplatkem.<br \/>\n3.4. Lh\u016fta pou\u017eitelnosti<br \/>\nLh\u016fta pou\u017eitelnosti d\u00e1rkov\u00e9ho poukazu je uvedena na rubu d\u00e1rkov\u00e9ho poukazu. Slu\u017eby mas\u00e1\u017en\u00edho studia je nutno vy\u010derpat<br \/>\nnejpozd\u011bji do uplynut\u00ed lh\u016fty platnosti poukazu.<br \/>\n4. Z\u00e1v\u011bre\u010dn\u00e1 ustanoven\u00ed<br \/>\n4.1 Bezpe\u010dnost pr\u00e1ce a prevence rizik na pracovi\u0161ti<br \/>\nVstupem do provozovny vyjad\u0159uje z\u00e1kazn\u00edk souhlas se svou povinnost\u00ed dodr\u017eovat pravidla bezpe\u010dnosti pr\u00e1ce a prevence<br \/>\nrizik na pracovi\u0161ti provozovatele a povinnost\u00ed dodr\u017eovat bezpe\u010dnostn\u00ed pokyny obsluhuj\u00edc\u00edho mas\u00e9ra.<br \/>\n4.2. Platnost a \u00fa\u010dinnost Tyto v\u0161eobecn\u00e9 obchodn\u00ed podm\u00ednky vstupuj\u00ed v platnost a \u00fa\u010dinnost dne 29.04.2024<\/p>\n<\/div>","protected":false},"excerpt":{"rendered":"<p>Podm\u00ednky V\u0160EOBECN\u00c9 OBCHODN\u00cd PODM\u00cdNKY V\u0161eobecn\u00e9 obchodn\u00ed podm\u00ednky mas\u00e1\u017en\u00edho studia Atlas Zdrav\u00ed Julii Barkchatovou \u2013 I\u010cO: 09413758 1. Z\u00e1kladn\u00ed ustanoven\u00ed 1.1. Tyto v\u0161eobecn\u00e9 smluvn\u00ed podm\u00ednky upravuj\u00ed pr\u00e1vn\u00ed z\u00e1vazkov\u00e9 vztahy mezi poskytovatelem mas\u00e1\u017en\u00edch slu\u017eeb ve studiu (d\u00e1le jen provozovatel) I\u010cO 09413758, v, se s\u00eddlem Praha 3 &#8211; \u017di\u017ekov, Hartigova 31\/27, PS\u010c: 130 00, a kupuj\u00edc\u00edm poskytovan\u00fdch slu\u017eeb [&hellip;]<\/p>","protected":false},"author":1,"featured_media":0,"parent":0,"menu_order":0,"comment_status":"closed","ping_status":"closed","template":"policy.php","meta":{"_acf_changed":false,"_monsterinsights_skip_tracking":false,"_monsterinsights_sitenote_active":false,"_monsterinsights_sitenote_note":"","_monsterinsights_sitenote_category":0,"footnotes":""},"class_list":["post-203","page","type-page","status-publish","hentry"],"acf":[],"aioseo_notices":[],"_links":{"self":[{"href":"https:\/\/www.atlas-zdravi.cz\/en\/wp-json\/wp\/v2\/pages\/203","targetHints":{"allow":["GET"]}}],"collection":[{"href":"https:\/\/www.atlas-zdravi.cz\/en\/wp-json\/wp\/v2\/pages"}],"about":[{"href":"https:\/\/www.atlas-zdravi.cz\/en\/wp-json\/wp\/v2\/types\/page"}],"author":[{"embeddable":true,"href":"https:\/\/www.atlas-zdravi.cz\/en\/wp-json\/wp\/v2\/users\/1"}],"replies":[{"embeddable":true,"href":"https:\/\/www.atlas-zdravi.cz\/en\/wp-json\/wp\/v2\/comments?post=203"}],"version-history":[{"count":2,"href":"https:\/\/www.atlas-zdravi.cz\/en\/wp-json\/wp\/v2\/pages\/203\/revisions"}],"predecessor-version":[{"id":251,"href":"https:\/\/www.atlas-zdravi.cz\/en\/wp-json\/wp\/v2\/pages\/203\/revisions\/251"}],"wp:attachment":[{"href":"https:\/\/www.atlas-zdravi.cz\/en\/wp-json\/wp\/v2\/media?parent=203"}],"curies":[{"name":"wp","href":"https:\/\/api.w.org\/{rel}","templated":true}]}}