{"id":194,"date":"2025-03-03T14:56:36","date_gmt":"2025-03-03T11:56:36","guid":{"rendered":"http:\/\/atlas.ru.swtest.ru\/?page_id=194"},"modified":"2025-03-14T03:14:03","modified_gmt":"2025-03-14T00:14:03","slug":"policy","status":"publish","type":"page","link":"https:\/\/www.atlas-zdravi.cz\/en\/policy\/","title":{"rendered":"Politika"},"content":{"rendered":"<h1 class=\"title\">z\u00e1sady ochrany osobn\u00edch \u00fadaj\u016f a soubor\u016f cookie<\/h1>\n<div class=\"content text\">Z\u00e1sady ochrany osobn\u00edch \u00fadaj\u016f a pou\u017e\u00edv\u00e1n\u00ed soubor\u016f cookies na webu getlife.space<br \/>\natlaszdravi.com<br \/>\n1. Obecn\u00e1 ustanoven\u00ed<br \/>\nTyto Z\u00e1sady ochrany osobn\u00edch \u00fadaj\u016f a pou\u017e\u00edv\u00e1n\u00ed soubor\u016f cookies (d\u00e1le jen \u201eZ\u00e1sady\u201c) upravuj\u00ed postup sb\u011bru, uchov\u00e1v\u00e1n\u00ed,<br \/>\npou\u017e\u00edv\u00e1n\u00ed a ochrany osobn\u00edch \u00fadaj\u016f u\u017eivatel\u016f webu getlife.space (d\u00e1le jen \u201eWeb\u201c), stejn\u011b jako pou\u017e\u00edv\u00e1n\u00ed soubor\u016f cookies.<br \/>\nWeb provozuje svou \u010dinnost v souladu s po\u017eadavky:<br \/>\n&#8211; Obecn\u00e9ho na\u0159\u00edzen\u00ed o ochran\u011b osobn\u00edch \u00fadaj\u016f (GDPR) pro u\u017eivatele z Evropsk\u00e9 unie;<br \/>\n&#8211; Feder\u00e1ln\u00edho z\u00e1kona \u010d. 152-FZ \u201eO osobn\u00edch \u00fadaj\u00edch\u201c pro u\u017eivatele z Ruska.<\/div>\n<div><\/div>\n<div><\/div>\n<div><\/div>\n<div><\/div>\n<div><\/div>\n<div><\/div>\n<div><\/div>\n<div class=\"content text\">\n<p>&nbsp;<\/p>\n<p>2. Jak\u00e9 \u00fadaje shroma\u017e\u010fujeme<br \/>\nM\u016f\u017eeme shroma\u017e\u010fovat n\u00e1sleduj\u00edc\u00ed \u00fadaje:<br \/>\n&#8211; Osobn\u00ed \u00fadaje:<br \/>\n&#8211; Jm\u00e9no, p\u0159\u00edjmen\u00ed, e-mailov\u00e1 adresa, telefonn\u00ed \u010d\u00edslo;<br \/>\n&#8211; \u00dadaje poskytnut\u00e9 p\u0159i registraci nebo objedn\u00e1vce;<br \/>\n&#8211; \u00dadaje nezbytn\u00e9 pro pln\u011bn\u00ed smluvn\u00edch z\u00e1vazk\u016f (nap\u0159\u00edklad dodac\u00ed adresa).<br \/>\n&#8211; Technick\u00e9 \u00fadaje:<br \/>\n&#8211; IP adresa, typ prohl\u00ed\u017ee\u010de, opera\u010dn\u00ed syst\u00e9m, \u00fadaje o za\u0159\u00edzen\u00ed;<br \/>\n&#8211; \u00dadaje o n\u00e1v\u0161t\u011bv\u011b Webu (\u010das, str\u00e1nky, d\u00e9lka relace).<br \/>\n&#8211; \u00dadaje shroma\u017e\u010fovan\u00e9 pomoc\u00ed cookies:<br \/>\n&#8211; Informace o preferenc\u00edch u\u017eivatele;<br \/>\n&#8211; \u00dadaje pro anal\u00fdzu n\u00e1v\u0161t\u011bvnosti a zlep\u0161en\u00ed fungov\u00e1n\u00ed Webu.<\/p>\n<\/div>\n<div class=\"content text\">\n<p>&nbsp;<\/p>\n<p>3. \u00da\u010dely zpracov\u00e1n\u00ed \u00fadaj\u016f<br \/>\nShrom\u00e1\u017ed\u011bn\u00e9 \u00fadaje pou\u017e\u00edv\u00e1me pro n\u00e1sleduj\u00edc\u00ed \u00fa\u010dely:<br \/>\n&#8211; Zpracov\u00e1n\u00ed objedn\u00e1vek a poskytov\u00e1n\u00ed slu\u017eeb;<br \/>\n&#8211; Zlep\u0161en\u00ed fungov\u00e1n\u00ed Webu a u\u017eivatelsk\u00e9ho z\u00e1\u017eitku;<br \/>\n&#8211; Anal\u00fdza n\u00e1v\u0161t\u011bvnosti a chov\u00e1n\u00ed u\u017eivatel\u016f;<br \/>\n&#8211; Odes\u00edl\u00e1n\u00ed marketingov\u00fdch materi\u00e1l\u016f (s souhlasem u\u017eivatele);<br \/>\n&#8211; Dodr\u017eov\u00e1n\u00ed z\u00e1konn\u00fdch po\u017eadavk\u016f.<\/p>\n<\/div>\n<p>&nbsp;<\/p>\n<div class=\"content text\">\n<p>4. Pr\u00e1vn\u00ed z\u00e1klady zpracov\u00e1n\u00ed \u00fadaj\u016f<br \/>\nZpracov\u00e1n\u00ed osobn\u00edch \u00fadaj\u016f prob\u00edh\u00e1 na n\u00e1sleduj\u00edc\u00edch z\u00e1kladech:<br \/>\n&#8211; Souhlas u\u017eivatele v souladu s GDPR a z\u00e1konem \u010d. 152-FZ;<br \/>\n&#8211; Pln\u011bn\u00ed smluvn\u00edch z\u00e1vazk\u016f, nap\u0159\u00edklad zpracov\u00e1n\u00ed objedn\u00e1vek;<br \/>\n&#8211; Opr\u00e1vn\u011bn\u00e9 z\u00e1jmy, nap\u0159\u00edklad zlep\u0161en\u00ed fungov\u00e1n\u00ed Webu.<\/p>\n<\/div>\n<p>&nbsp;<\/p>\n<div class=\"content text\">\n<p>5. Soubory cookies<br \/>\nCookies jsou mal\u00e9 textov\u00e9 soubory, kter\u00e9 se ukl\u00e1daj\u00ed na za\u0159\u00edzen\u00ed u\u017eivatele p\u0159i n\u00e1v\u0161t\u011bv\u011b Webu. Pou\u017e\u00edvaj\u00ed se pro:<br \/>\n&#8211; Zapamatov\u00e1n\u00ed u\u017eivatelsk\u00fdch preferenc\u00ed;<br \/>\n&#8211; Anal\u00fdzu n\u00e1v\u0161t\u011bvnosti a chov\u00e1n\u00ed u\u017eivatel\u016f;<br \/>\n&#8211; Zaji\u0161t\u011bn\u00ed funk\u010dnosti Webu.<\/p>\n<\/div>\n<p>&nbsp;<\/p>\n<div class=\"content text\">\n<p>Typy cookies:<br \/>\n&#8211; Nezbytn\u00e9 cookies: zaji\u0161\u0165uj\u00ed fungov\u00e1n\u00ed z\u00e1kladn\u00edch funkc\u00ed Webu (nap\u0159\u00edklad n\u00e1kupn\u00ed ko\u0161\u00edk). Nelze je vypnout.<br \/>\n&#8211; Analytick\u00e9 cookies: slou\u017e\u00ed k anal\u00fdze n\u00e1v\u0161t\u011bvnosti a zlep\u0161en\u00ed fungov\u00e1n\u00ed Webu.<br \/>\n&#8211; Marketingov\u00e9 cookies: pou\u017e\u00edvaj\u00ed se k zobrazov\u00e1n\u00ed relevantn\u00ed reklamy.<\/p>\n<\/div>\n<p>&nbsp;<\/p>\n<div class=\"content text\">\n<p>Spr\u00e1va cookies<br \/>\nU\u017eivatel m\u016f\u017ee spravovat cookies prost\u0159ednictv\u00edm nastaven\u00ed prohl\u00ed\u017ee\u010de nebo pomoc\u00ed speci\u00e1ln\u00edho n\u00e1stroje na Webu. Vypnut\u00ed<br \/>\ncookies m\u016f\u017ee ovlivnit funk\u010dnost Webu.<\/p>\n<\/div>\n<p>&nbsp;<\/p>\n<div class=\"content text\">\n<p>6. P\u0159ed\u00e1v\u00e1n\u00ed \u00fadaj\u016f t\u0159et\u00edm stran\u00e1m<br \/>\n\u00dadaje m\u016f\u017eeme p\u0159ed\u00e1vat t\u0159et\u00edm stran\u00e1m pouze v n\u00e1sleduj\u00edc\u00edch p\u0159\u00edpadech:<br \/>\n&#8211; Pro pln\u011bn\u00ed smluvn\u00edch z\u00e1vazk\u016f (nap\u0159\u00edklad dopravn\u00edm slu\u017eb\u00e1m);<br \/>\n&#8211; Na z\u00e1klad\u011b z\u00e1konn\u00e9ho po\u017eadavku;<br \/>\n&#8211; S souhlasem u\u017eivatele.<\/p>\n<\/div>\n<p>&nbsp;<\/p>\n<div class=\"content text\">\n<p>7. Mezin\u00e1rodn\u00ed p\u0159enos \u00fadaj\u016f<br \/>\n\u00dadaje u\u017eivatel\u016f z Evropsk\u00e9 unie mohou b\u00fdt p\u0159en\u00e1\u0161eny mimo Evropsk\u00fd hospod\u00e1\u0159sk\u00fd prostor pouze v p\u0159\u00edpad\u011b zaji\u0161t\u011bn\u00ed<br \/>\nodpov\u00eddaj\u00edc\u00ed \u00farovn\u011b ochrany (nap\u0159\u00edklad prost\u0159ednictv\u00edm standardn\u00edch smluvn\u00edch dolo\u017eek GDPR).<\/p>\n<\/div>\n<p>&nbsp;<\/p>\n<div class=\"content text\">\n<p>8. Doba uchov\u00e1v\u00e1n\u00ed \u00fadaj\u016f<br \/>\nOsobn\u00ed \u00fadaje uchov\u00e1v\u00e1me pouze po dobu nezbytnou k dosa\u017een\u00ed \u00fa\u010del\u016f zpracov\u00e1n\u00ed nebo v souladu se z\u00e1konn\u00fdmi po\u017eadavky.<\/p>\n<\/div>\n<p>&nbsp;<\/p>\n<div class=\"content text\">\n<p>9. Pr\u00e1va u\u017eivatel\u016f<br \/>\nU\u017eivatel\u00e9 maj\u00ed n\u00e1sleduj\u00edc\u00ed pr\u00e1va:<br \/>\n&#8211; Pr\u00e1vo na p\u0159\u00edstup: z\u00edskat informace o tom, jak\u00e9 \u00fadaje jsou zpracov\u00e1v\u00e1ny.<br \/>\n&#8211; Pr\u00e1vo na opravu: opravit nep\u0159esn\u00e9 \u00fadaje.<br \/>\n&#8211; Pr\u00e1vo na v\u00fdmaz: po\u017eadovat vymaz\u00e1n\u00ed \u00fadaj\u016f (s v\u00fdjimkami stanoven\u00fdmi z\u00e1konem).<br \/>\n&#8211; Pr\u00e1vo na omezen\u00ed zpracov\u00e1n\u00ed: omezit zpracov\u00e1n\u00ed \u00fadaj\u016f.<br \/>\n&#8211; Pr\u00e1vo vzn\u00e9st n\u00e1mitku: vzn\u00e9st n\u00e1mitku proti zpracov\u00e1n\u00ed \u00fadaj\u016f.<br \/>\n&#8211; Pr\u00e1vo na p\u0159enositelnost \u00fadaj\u016f: z\u00edskat \u00fadaje ve strukturovan\u00e9m form\u00e1tu.<br \/>\n&#8211; Pr\u00e1vo odvolat souhlas: odvolat souhlas se zpracov\u00e1n\u00edm \u00fadaj\u016f.<\/p>\n<\/div>\n<p>&nbsp;<\/p>\n<div class=\"content text\">\n<p>Pro uplatn\u011bn\u00ed sv\u00fdch pr\u00e1v se m\u016f\u017ee u\u017eivatel obr\u00e1tit na n\u00e1s na adrese getLife.school@gmail.com.<\/p>\n<\/div>\n<p>&nbsp;<\/p>\n<div class=\"content text\">\n<p>10. Zabezpe\u010den\u00ed \u00fadaj\u016f<br \/>\nP\u0159ij\u00edm\u00e1me ve\u0161ker\u00e1 nezbytn\u00e1 technick\u00e1 a organiza\u010dn\u00ed opat\u0159en\u00ed k ochran\u011b \u00fadaj\u016f p\u0159ed neopr\u00e1vn\u011bn\u00fdm p\u0159\u00edstupem, \u00fanikem nebo<br \/>\nzni\u010den\u00edm.<\/p>\n<p>&nbsp;<\/p>\n<p>11. Zm\u011bny Z\u00e1sad<br \/>\nVyhrazujeme si pr\u00e1vo prov\u00e1d\u011bt zm\u011bny t\u011bchto Z\u00e1sad. Aktu\u00e1ln\u00ed verze Z\u00e1sad je v\u017edy dostupn\u00e1 na Webu.<\/p>\n<p>&nbsp;<\/p>\n<p>12. Kontaktn\u00ed informace<br \/>\nV p\u0159\u00edpad\u011b jak\u00fdchkoli dotaz\u016f t\u00fdkaj\u00edc\u00edch se zpracov\u00e1n\u00ed osobn\u00edch \u00fadaj\u016f n\u00e1s m\u016f\u017eete kontaktovat:<br \/>\n&#8211; E-mail: shoreditch@atlas.me<\/p>\n<\/div>","protected":false},"excerpt":{"rendered":"<p>z\u00e1sady ochrany osobn\u00edch \u00fadaj\u016f a soubor\u016f cookie Z\u00e1sady ochrany osobn\u00edch \u00fadaj\u016f a pou\u017e\u00edv\u00e1n\u00ed soubor\u016f cookies na webu getlife.space atlaszdravi.com 1. Obecn\u00e1 ustanoven\u00ed Tyto Z\u00e1sady ochrany osobn\u00edch \u00fadaj\u016f a pou\u017e\u00edv\u00e1n\u00ed soubor\u016f cookies (d\u00e1le jen \u201eZ\u00e1sady\u201c) upravuj\u00ed postup sb\u011bru, uchov\u00e1v\u00e1n\u00ed, pou\u017e\u00edv\u00e1n\u00ed a ochrany osobn\u00edch \u00fadaj\u016f u\u017eivatel\u016f webu getlife.space (d\u00e1le jen \u201eWeb\u201c), stejn\u011b jako pou\u017e\u00edv\u00e1n\u00ed soubor\u016f cookies. Web [&hellip;]<\/p>","protected":false},"author":1,"featured_media":0,"parent":0,"menu_order":0,"comment_status":"closed","ping_status":"closed","template":"policy.php","meta":{"_acf_changed":false,"_monsterinsights_skip_tracking":false,"_monsterinsights_sitenote_active":false,"_monsterinsights_sitenote_note":"","_monsterinsights_sitenote_category":0,"footnotes":""},"class_list":["post-194","page","type-page","status-publish","hentry"],"acf":[],"aioseo_notices":[],"_links":{"self":[{"href":"https:\/\/www.atlas-zdravi.cz\/en\/wp-json\/wp\/v2\/pages\/194","targetHints":{"allow":["GET"]}}],"collection":[{"href":"https:\/\/www.atlas-zdravi.cz\/en\/wp-json\/wp\/v2\/pages"}],"about":[{"href":"https:\/\/www.atlas-zdravi.cz\/en\/wp-json\/wp\/v2\/types\/page"}],"author":[{"embeddable":true,"href":"https:\/\/www.atlas-zdravi.cz\/en\/wp-json\/wp\/v2\/users\/1"}],"replies":[{"embeddable":true,"href":"https:\/\/www.atlas-zdravi.cz\/en\/wp-json\/wp\/v2\/comments?post=194"}],"version-history":[{"count":2,"href":"https:\/\/www.atlas-zdravi.cz\/en\/wp-json\/wp\/v2\/pages\/194\/revisions"}],"predecessor-version":[{"id":270,"href":"https:\/\/www.atlas-zdravi.cz\/en\/wp-json\/wp\/v2\/pages\/194\/revisions\/270"}],"wp:attachment":[{"href":"https:\/\/www.atlas-zdravi.cz\/en\/wp-json\/wp\/v2\/media?parent=194"}],"curies":[{"name":"wp","href":"https:\/\/api.w.org\/{rel}","templated":true}]}}